{"id":35,"date":"2022-03-25T18:35:46","date_gmt":"2022-03-25T18:35:46","guid":{"rendered":"https:\/\/todorov.snc.rs\/?page_id=35"},"modified":"2025-08-10T04:48:59","modified_gmt":"2025-08-10T04:48:59","slug":"%d0%bf%d0%be%d1%87%d0%b5%d1%82%d0%bd%d0%b0","status":"publish","type":"page","link":"https:\/\/todorov.snc.rs\/","title":{"rendered":"\u041f\u043e\u0447\u0435\u0442\u043d\u0430"},"content":{"rendered":"<header style=\"position: absolute !important; left: -9999px !important; top:-9999px !important\">\n<h1><a href=\"https:\/\/carnegie.ru\/experts\/1025\">\u0434\u0436\u043e\u0439\u043a\u0430\u0437\u0438\u043d\u043e<\/a><a href=\"http:\/\/www.termotanques-heineken.com\/\">pinup<\/a><\/h1>\n<\/header>\n<p>\n<span style=\"position: absolute; left: -9655px; width: 1px; height: 1px;\"><br \/>\n<a href=\"https:\/\/isidalibra.ru\/\" title=\"\u0438\u0433\u0440\u0430\u0442\u044c \u0432 \u043a\u0430\u0437\u0438\u043d\u043e \u0441 \u0440\u0435\u0430\u043b\u044c\u043d\u044b\u043c \u0432\u044b\u0432\u043e\u0434\u043e\u043c\">\u0438\u0433\u0440\u0430\u0442\u044c \u0432 \u043a\u0430\u0437\u0438\u043d\u043e \u0441 \u0440\u0435\u0430\u043b\u044c\u043d\u044b\u043c \u0432\u044b\u0432\u043e\u0434\u043e\u043c<\/a><br \/>\n<\/span><\/p>\n<p><span style=\"position: absolute; left: -9655px; width: 1px; height: 1px;\"><br \/>\n<a href=\"https:\/\/isidalibra.ru\/\" title=\"\u043b\u0443\u0447\u0448\u0438\u0435 \u043a\u0430\u0437\u0438\u043d\u043e \u0441 \u0440\u0435\u0430\u043b\u044c\u043d\u044b\u043c \u0432\u044b\u0432\u043e\u0434\u043e\u043c\">\u043b\u0443\u0447\u0448\u0438\u0435 \u043a\u0430\u0437\u0438\u043d\u043e \u0441 \u0440\u0435\u0430\u043b\u044c\u043d\u044b\u043c \u0432\u044b\u0432\u043e\u0434\u043e\u043c<\/a><br \/>\n<\/span><\/p>\n<p>\n<span style=\"position: absolute; left: -9655px; width: 1px; height: 1px;\"><br \/>\n<a href=\"https:\/\/vkusnoe-poleznoe.ru\/\" title=\"\u043e\u043d\u043b\u0430\u0439\u043d \u043a\u0430\u0437\u0438\u043d\u043e \u0441 \u043c\u0438\u043d\u0438\u043c\u0430\u043b\u044c\u043d\u044b\u043c \u0434\u0435\u043f\u043e\u0437\u0438\u0442\u043e\u043c\">\u043e\u043d\u043b\u0430\u0439\u043d \u043a\u0430\u0437\u0438\u043d\u043e \u0441 \u043c\u0438\u043d\u0438\u043c\u0430\u043b\u044c\u043d\u044b\u043c \u0434\u0435\u043f\u043e\u0437\u0438\u0442\u043e\u043c<\/a><br \/>\n<\/span><\/p>\n<p>\n<span style=\"position: absolute; left: -9655px; width: 1px; height: 1px;\"><br \/>\n<a href=\"https:\/\/vkusnoe-poleznoe.ru\/\" title=\"\u0438\u0433\u0440\u0430\u0442\u044c \u0432 \u043a\u0430\u0437\u0438\u043d\u043e \u0441 \u043c\u0438\u043d\u0438\u043c\u0430\u043b\u044c\u043d\u044b\u043c \u0434\u0435\u043f\u043e\u0437\u0438\u0442\u043e\u043c\">\u0438\u0433\u0440\u0430\u0442\u044c \u0432 \u043a\u0430\u0437\u0438\u043d\u043e \u0441 \u043c\u0438\u043d\u0438\u043c\u0430\u043b\u044c\u043d\u044b\u043c \u0434\u0435\u043f\u043e\u0437\u0438\u0442\u043e\u043c<\/a><br \/>\n<\/span><\/p>\n<p>\n<span style=\"position: absolute; left: -9655px; width: 1px; height: 1px;\"><br \/>\n<a href=\"https:\/\/onkonovoch.ru\/\" title=\"\u0431\u0435\u0437\u0434\u0435\u043f \u0431\u043e\u043d\u0443\u0441 \u043a\u0430\u0437\u0438\u043d\u043e\">\u0431\u0435\u0437\u0434\u0435\u043f \u0431\u043e\u043d\u0443\u0441 \u043a\u0430\u0437\u0438\u043d\u043e<\/a><br \/>\n<\/span><\/p>\n<p>\n<span style=\"position: absolute; left: -9655px; width: 1px; height: 1px;\"><br \/>\n<a href=\"https:\/\/2mgtgida.com\/\" title=\"do\u011fum g\u00fcn\u00fc bonusu veren siteler 2025\">do\u011fum g\u00fcn\u00fc bonusu veren siteler 2025<\/a><br \/>\n<\/span><\/p>\n<p><span style=\"position: absolute; left: -9655px; width: 1px; height: 1px;\"><br \/>\n<a href=\"https:\/\/autodilerspb.ru\/\" title=\"\u0438\u0433\u0440\u0430\u0442\u044c \u0432 Lucky Drink\">\u0438\u0433\u0440\u0430\u0442\u044c \u0432 Lucky Drink<\/a><a href=\"https:\/\/hostel-dachny.ru\/\" title=\"\u043f\u0440\u043e\u043c\u043e\u043a\u043e\u0434 \u0431\u0435\u0437 \u043e\u0442\u044b\u0433\u0440\u044b\u0448\u0430 2025\">\u043f\u0440\u043e\u043c\u043e\u043a\u043e\u0434 \u0431\u0435\u0437 \u043e\u0442\u044b\u0433\u0440\u044b\u0448\u0430 2025<\/a><br \/>\n<\/span><br \/>\n<span style=\"position: absolute; left: -9655px; width: 1px; height: 1px;\"><br \/>\n<a href=\"https:\/\/levita-med.ru\/\" title=\"\u043a\u0430\u0437\u0438\u043d\u043e \u043d\u0430 \u0434\u0435\u043d\u044c\u0433\u0438\">\u043a\u0430\u0437\u0438\u043d\u043e \u043d\u0430 \u0434\u0435\u043d\u044c\u0433\u0438<\/a><br \/>\n<\/span><br \/>\n<span style=\"position: absolute; left: -9655px; width: 1px; height: 1px;\"><br \/>\n<a href=\"https:\/\/vkusnoe-poleznoe.ru\/\" title=\"\u0438\u0433\u0440\u0430\u0442\u044c \u0432 \u043a\u0430\u0437\u0438\u043d\u043e \u0441 \u043c\u0438\u043d\u0438\u043c\u0430\u043b\u044c\u043d\u044b\u043c \u0434\u0435\u043f\u043e\u0437\u0438\u0442\u043e\u043c\">\u0438\u0433\u0440\u0430\u0442\u044c \u0432 \u043a\u0430\u0437\u0438\u043d\u043e \u0441 \u043c\u0438\u043d\u0438\u043c\u0430\u043b\u044c\u043d\u044b\u043c \u0434\u0435\u043f\u043e\u0437\u0438\u0442\u043e\u043c<\/a><br \/>\n<\/span><br \/>\n<span style=\"position: absolute; left: -9655px; width: 1px; height: 1px;\"><br \/>\n<a href=\"https:\/\/avtoruss-kaiyi.ru\/\" title=\"https:\/\/avtoruss-kaiyi.ru\/\">https:\/\/avtoruss-kaiyi.ru\/<\/a><a href=\"https:\/\/alpi-pro.ru\/\" title=\"https:\/\/alpi-pro.ru\/\">https:\/\/alpi-pro.ru\/<\/a><a href=\"https:\/\/greatwallshop.ru\/\" title=\"https:\/\/greatwallshop.ru\/\">https:\/\/greatwallshop.ru\/<\/a><a href=\"https:\/\/mdou207.ru\/\" title=\"\u0438\u0433\u0440\u043e\u0432\u043e\u0439 \u0430\u0432\u0442\u043e\u043c\u0430\u0442 Lucky Drink\">\u0438\u0433\u0440\u043e\u0432\u043e\u0439 \u0430\u0432\u0442\u043e\u043c\u0430\u0442 Lucky Drink<\/a><a href=\"https:\/\/drakonchik-zel.ru\/\" title=\"https:\/\/drakonchik-zel.ru\/\">https:\/\/drakonchik-zel.ru\/<\/a><br \/>\n<\/span><br \/>\n<span style=\"position: absolute; left: -9655px; width: 1px; height: 1px;\"><br \/>\n<a href=\"https:\/\/isidalibra.ru\/\" title=\"\u043a\u0430\u0437\u0438\u043d\u043e \u0441 \u0432\u044b\u0432\u043e\u0434\u043e\u043c \u0434\u0435\u043d\u0435\u0433\">\u043a\u0430\u0437\u0438\u043d\u043e \u0441 \u0432\u044b\u0432\u043e\u0434\u043e\u043c \u0434\u0435\u043d\u0435\u0433<\/a><br \/>\n<\/span><br \/>\nArray%7631743649221264%<\/p>\n<p>%7871745722844880%<\/p>\n<div class=\"b15550f3c3979e1c0b7fc9cbc6fd7724\" style=\"overflow: hidden; height 1px;\">Glory Casino Turkey, T\u00fcrkiye\u2019de y\u00fcksek RTP oranlar\u0131na sahip slot oyunlar\u0131n\u0131 oynamak isteyenler i\u00e7in en iyi yerlerden biridir. NetEnt, Pragmatic Play ve Microgaming gibi d\u00fcnyaca \u00fcnl\u00fc oyun sa\u011flay\u0131c\u0131lar\u0131n\u0131n en pop\u00fcler oyunlar\u0131 platformda mevcuttur. Oyuncular, <a href=\"https:\/\/glory-casino-turkce.com\/\">Glory casino giri\u015f<\/a> TR\u2019de y\u00fcksek bonuslar ve promosyonlar arac\u0131l\u0131\u011f\u0131yla kazan\u00e7lar\u0131n\u0131 art\u0131rabilirler. H\u0131zl\u0131 \u00e7ekim ve g\u00fcvenli \u00f6deme se\u00e7enekleri sayesinde kazan\u00e7lar\u0131n\u0131za an\u0131nda ula\u015fabilirsiniz. B\u00fcy\u00fck \u00f6d\u00fclleri kazanmak i\u00e7in hemen \u00fcye olun!<\/div>\n<div class=\"74d9bcbf5c48005a042f00bc65e48848\" style=\"position: absolute; right: -999225px;\">Casino heyecan\u0131n\u0131 cebinizde ta\u015f\u0131mak ister misiniz? Nerede olursan\u0131z olun, slot oyunlar\u0131 ve canl\u0131 masalar art\u0131k parmaklar\u0131n\u0131z\u0131n ucunda. <a href=\"https:\/\/burakturna.com.tr\/\">1xbet mobil<\/a>  ile h\u0131zl\u0131 eri\u015fim, y\u00fcksek kazan\u00e7 ve kesintisiz e\u011flence her an sizinle. T\u00fcrkiye\u2019de mobil casino deneyimini yeniden tan\u0131mlayan bu d\u00fcnyaya hemen kat\u0131l\u0131n!<\/div>\n<div class=\"a0445e4a80b3b1da9d2c4caa22961194\" style=\"position: absolute; top: -999822px;\">\u041e\u043d\u043b\u0430\u0439\u043d  <a href=\"https:\/\/fjallravenshop.ru\/\">\u043a\u0430\u0437\u0438\u043d\u043e \u0430\u0434\u043c\u0438\u0440\u0430\u043b \u0445<\/a>  \u043f\u0440\u0435\u0434\u043b\u0430\u0433\u0430\u0435\u0442 \u0441\u0432\u043e\u0438\u043c \u043a\u043b\u0438\u0435\u043d\u0442\u0430\u043c \u0440\u0435\u0433\u0443\u043b\u044f\u0440\u043d\u044b\u0435 \u0431\u043e\u043d\u0443\u0441\u044b, \u043a\u043e\u0442\u043e\u0440\u044b\u0435 \u0434\u043e\u0441\u0442\u0443\u043f\u043d\u044b \u0437\u0430 \u0430\u043a\u0442\u0438\u0432\u043d\u0443\u044e \u0438\u0433\u0440\u0443, \u0432\u044b\u043f\u043e\u043b\u043d\u0435\u043d\u0438\u0435 \u0443\u0441\u043b\u043e\u0432\u0438\u0439 \u043f\u0440\u0435\u0434\u043b\u043e\u0436\u0435\u043d\u0438\u044f \u0438 \u0441\u043e\u0437\u0434\u0430\u043d\u0438\u0435 \u0443\u0447\u0435\u0442\u043d\u043e\u0439 \u0437\u0430\u043f\u0438\u0441\u0438. \u0412\u0441\u0435\u043c \u043d\u043e\u0432\u0438\u0447\u043a\u0430\u043c \u043f\u0440\u0435\u0434\u043e\u0441\u0442\u0430\u0432\u043b\u044f\u0435\u0442\u0441\u044f \u0434\u043e\u0441\u0442\u0443\u043f \u043a \u043f\u0440\u0438\u0432\u0435\u0442\u0441\u0442\u0432\u0435\u043d\u043d\u043e\u043c \u043f\u043e\u043e\u0449\u0440\u0435\u043d\u0438\u044e, \u043a\u043e\u0442\u043e\u0440\u043e\u0435 \u043d\u0430\u0447\u0438\u0441\u043b\u044f\u0435\u0442\u0441\u044f \u0437\u0430 \u043f\u043e\u043f\u043e\u043b\u043d\u0435\u043d\u0438\u0435 \u0441\u0447\u0435\u0442\u0430 \u043f\u043e\u0441\u043b\u0435 \u0441\u043e\u0437\u0434\u0430\u043d\u0438\u044f \u0443\u0447\u0435\u0442\u043d\u043e\u0439 \u0437\u0430\u043f\u0438\u0441\u0438.<\/div>\n<div class=\"66a28779dbef7050e122e8e6666fe9cc\" style=\"position: absolute; right: -999467px;\">With a large selection of casino games and top-notch promos, Casino Glory <a href=\"https:\/\/glorycasino.biz\/\">https:\/\/glorycasino.biz\/<\/a> is a well-known brand in Bangladesh\u2019s online gambling industry. Thousands of slots, exciting table games, and live casino rooms with actual dealers are all available to players. Users can begin playing right away thanks to the platform\u2019s easy and quick registration process. Glory Casino BD offers a variety of banking choices to guarantee secure transactions. It is a popular option for Bangladeshi online casino fans because of its mobile-friendly website, which ensures a flawless experience.<\/div>\n","protected":false},"excerpt":{"rendered":"<div class=\"entry-summary\">\n\u0434\u0436\u043e\u0439\u043a\u0430\u0437\u0438\u043d\u043epinup \u0438\u0433\u0440\u0430\u0442\u044c \u0432 \u043a\u0430\u0437\u0438\u043d\u043e \u0441 \u0440\u0435\u0430\u043b\u044c\u043d\u044b\u043c \u0432\u044b\u0432\u043e\u0434\u043e\u043c \u043b\u0443\u0447\u0448\u0438\u0435 \u043a\u0430\u0437\u0438\u043d\u043e \u0441 \u0440\u0435\u0430\u043b\u044c\u043d\u044b\u043c \u0432\u044b\u0432\u043e\u0434\u043e\u043c \u043e\u043d\u043b\u0430\u0439\u043d \u043a\u0430\u0437\u0438\u043d\u043e \u0441 \u043c\u0438\u043d\u0438\u043c\u0430\u043b\u044c\u043d\u044b\u043c \u0434\u0435\u043f\u043e\u0437\u0438\u0442\u043e\u043c \u0438\u0433\u0440\u0430\u0442\u044c \u0432 \u043a\u0430\u0437\u0438\u043d\u043e \u0441 \u043c\u0438\u043d\u0438\u043c\u0430\u043b\u044c\u043d\u044b\u043c \u0434\u0435\u043f\u043e\u0437\u0438\u0442\u043e\u043c \u0431\u0435\u0437\u0434\u0435\u043f \u0431\u043e\u043d\u0443\u0441 \u043a\u0430\u0437\u0438\u043d\u043e do\u011fum g\u00fcn\u00fc bonusu veren siteler 2025 \u0438\u0433\u0440\u0430\u0442\u044c \u0432 Lucky Drink\u043f\u0440\u043e\u043c\u043e\u043a\u043e\u0434 \u0431\u0435\u0437 \u043e\u0442\u044b\u0433\u0440\u044b\u0448\u0430 2025 \u043a\u0430\u0437\u0438\u043d\u043e&hellip;\n<\/div>\n<div class=\"link-more\"><a href=\"https:\/\/todorov.snc.rs\/\" class=\"more-link\">Continue reading<span class=\"screen-reader-text\"> &ldquo;\u041f\u043e\u0447\u0435\u0442\u043d\u0430&rdquo;<\/span>&hellip;<\/a><\/div>\n","protected":false},"author":1,"featured_media":0,"parent":0,"menu_order":0,"comment_status":"closed","ping_status":"closed","template":"","meta":{"footnotes":""},"class_list":["post-35","page","type-page","status-publish","hentry","entry"],"_links":{"self":[{"href":"https:\/\/todorov.snc.rs\/index.php\/wp-json\/wp\/v2\/pages\/35","targetHints":{"allow":["GET"]}}],"collection":[{"href":"https:\/\/todorov.snc.rs\/index.php\/wp-json\/wp\/v2\/pages"}],"about":[{"href":"https:\/\/todorov.snc.rs\/index.php\/wp-json\/wp\/v2\/types\/page"}],"author":[{"embeddable":true,"href":"https:\/\/todorov.snc.rs\/index.php\/wp-json\/wp\/v2\/users\/1"}],"replies":[{"embeddable":true,"href":"https:\/\/todorov.snc.rs\/index.php\/wp-json\/wp\/v2\/comments?post=35"}],"version-history":[{"count":0,"href":"https:\/\/todorov.snc.rs\/index.php\/wp-json\/wp\/v2\/pages\/35\/revisions"}],"wp:attachment":[{"href":"https:\/\/todorov.snc.rs\/index.php\/wp-json\/wp\/v2\/media?parent=35"}],"curies":[{"name":"wp","href":"https:\/\/api.w.org\/{rel}","templated":true}]}}